{"id":60,"date":"2016-05-22T13:21:58","date_gmt":"2016-05-22T13:21:58","guid":{"rendered":"http:\/\/www.haraldfriedl.ch\/?page_id=60"},"modified":"2023-02-01T21:18:41","modified_gmt":"2023-02-01T20:18:41","slug":"engagement","status":"publish","type":"page","link":"https:\/\/www.haraldfriedl.ch\/?page_id=60","title":{"rendered":"Gr\u00fcnes Engagement"},"content":{"rendered":"<figure id=\"attachment_233\" aria-describedby=\"caption-attachment-233\" style=\"width: 450px\" class=\"wp-caption alignleft\"><a href=\"https:\/\/www.haraldfriedl.ch\/wp-content\/uploads\/2016\/05\/Engagement.jpg\"><img loading=\"lazy\" decoding=\"async\" class=\"wp-image-233 size-large\" src=\"https:\/\/www.haraldfriedl.ch\/wp-content\/uploads\/2016\/05\/Engagement-1024x654.jpg\" alt=\"Engagement\" width=\"450\" height=\"287\" srcset=\"https:\/\/www.haraldfriedl.ch\/wp-content\/uploads\/2016\/05\/Engagement-1024x654.jpg 1024w, https:\/\/www.haraldfriedl.ch\/wp-content\/uploads\/2016\/05\/Engagement-300x192.jpg 300w, https:\/\/www.haraldfriedl.ch\/wp-content\/uploads\/2016\/05\/Engagement-768x491.jpg 768w\" sizes=\"auto, (max-width: 450px) 100vw, 450px\" \/><\/a><figcaption id=\"caption-attachment-233\" class=\"wp-caption-text\">Foto Franti\u0161ek Matou\u0161<\/figcaption><\/figure>\n<h3 style=\"padding-left: 30px;\"><\/h3>\n<h3><\/h3>\n<h3><\/h3>\n<h3><\/h3>\n<h3><\/h3>\n<h3><\/h3>\n<h3><\/h3>\n<h3><span style=\"color: #800080;\">Mandate<\/span><\/h3>\n<p><strong>Seit\u00a0Juni 2016\u00a0<\/strong>| Mitglied Grosser Rat Basel-Stadt, Kommissionen: PetKo, RegioKo (Districtsrat) und WVKo<\/p>\n<p><strong>2008\u20132015<\/strong>\u00a0| Mitglied der Kommission f\u00fcr Risikobeurteilung (RISKO)\u00a0Basel-Stadt<\/p>\n<h3><span style=\"color: #800080;\"><strong>Politisches Engagement<\/strong><\/span><\/h3>\n<p><strong>2023-heute <\/strong>| Pr\u00e4sident der Fraktion Gr\u00fcn-Alternatives B\u00fcndnis (GAB)<\/p>\n<p><strong>2023-heute<\/strong> | Vorstand &#8222;Pro Herzst\u00fcck&#8220;<\/p>\n<p><strong>2018-heute<\/strong>\u00a0| Vizepr\u00e4sident &#8222;Aktionskomitee Chemiem\u00fcll weg&#8220;<\/p>\n<p><strong>2016\u2013heute\u00a0<\/strong>| Vorstand NWA Schweiz<\/p>\n<p><strong>2013\u2013heute\u00a0<\/strong>| Vorstand WWF Region Basel<\/p>\n<p><strong>2006\u2013heute\u00a0<\/strong>| Mitglied\u00a0Vorstand und Gesch\u00e4ftsleitung Gr\u00fcne BS<\/p>\n<p><strong>2017\u20132021 <\/strong>| Pr\u00e4sident Gr\u00fcne Partei Basel-Stadt (davon 9 Monate im Co-Pr\u00e4sidium mit Elisabeth Ackermann)<\/p>\n<p><strong>2016\u20132017 <\/strong>\u00a0| Co-Pr\u00e4sident Gr\u00fcne Basel-Stadt<\/p>\n<p><strong>2008\u20132016\u00a0<\/strong>| Delegierter Stadtteilsekretariat Kleinbasel<\/p>\n<p><strong>2006\u20132015\u00a0<\/strong>| Vizepr\u00e4sident Gr\u00fcne Basel-Stadt<\/p>\n<h3><span style=\"color: #800080;\"><strong>Initiativen<\/strong><\/span><\/h3>\n<p><strong>2019\/20 <\/strong>| Initiativkomitee <a href=\"https:\/\/baselbautzukunft.ch\/\">&#8222;Basel baut Zukunft&#8220;<\/a><\/p>\n<p><strong>2015\/16 <\/strong>| Initiativkomitee\u00a0<a href=\"http:\/\/www.provelo-beiderbasel.ch\/index.php?ds=704\"> \u201eVeloring Basel\u201c<\/a><\/p>\n<p><strong>2006\/07 <\/strong>| Initiativkomitee <a href=\"http:\/\/www.landhof.ch\/cms\/front_content.php?idcat=123\">\u201eDer Landhof bleibt gr\u00fcn\u201c<\/a><\/p>\n<h3><span style=\"color: #800080;\"><strong>Mitgliedschaften<\/strong><\/span><\/h3>\n<p>BC Birchermuesli, Club 94.5, Greenpeace, NWA, ProNatura, Pro Velo, SES, Union Basel, VCS, VFBbB, VPOD, Verein Landhof, Verein Matth\u00e4usm\u00e4rt, WWF&#8230;..<\/p>\n","protected":false},"excerpt":{"rendered":"<p>Mandate Seit\u00a0Juni 2016\u00a0| Mitglied Grosser Rat Basel-Stadt, Kommissionen: PetKo, RegioKo (Districtsrat) und WVKo 2008\u20132015\u00a0| Mitglied der Kommission f\u00fcr Risikobeurteilung (RISKO)\u00a0Basel-Stadt Politisches Engagement 2023-heute | Pr\u00e4sident der Fraktion Gr\u00fcn-Alternatives B\u00fcndnis (GAB) 2023-heute | Vorstand &#8222;Pro Herzst\u00fcck&#8220; 2018-heute\u00a0| Vizepr\u00e4sident &#8222;Aktionskomitee Chemiem\u00fcll weg&#8220; 2016\u2013heute\u00a0| Vorstand NWA Schweiz 2013\u2013heute\u00a0| Vorstand WWF Region Basel 2006\u2013heute\u00a0| Mitglied\u00a0Vorstand und Gesch\u00e4ftsleitung Gr\u00fcne BS [&hellip;]<\/p>\n","protected":false},"author":1,"featured_media":0,"parent":0,"menu_order":0,"comment_status":"closed","ping_status":"closed","template":"","meta":{"jetpack_post_was_ever_published":false,"footnotes":""},"class_list":["post-60","page","type-page","status-publish","hentry"],"jetpack_sharing_enabled":true,"jetpack_shortlink":"https:\/\/wp.me\/P7G04Y-Y","_links":{"self":[{"href":"https:\/\/www.haraldfriedl.ch\/index.php?rest_route=\/wp\/v2\/pages\/60","targetHints":{"allow":["GET"]}}],"collection":[{"href":"https:\/\/www.haraldfriedl.ch\/index.php?rest_route=\/wp\/v2\/pages"}],"about":[{"href":"https:\/\/www.haraldfriedl.ch\/index.php?rest_route=\/wp\/v2\/types\/page"}],"author":[{"embeddable":true,"href":"https:\/\/www.haraldfriedl.ch\/index.php?rest_route=\/wp\/v2\/users\/1"}],"replies":[{"embeddable":true,"href":"https:\/\/www.haraldfriedl.ch\/index.php?rest_route=%2Fwp%2Fv2%2Fcomments&post=60"}],"version-history":[{"count":38,"href":"https:\/\/www.haraldfriedl.ch\/index.php?rest_route=\/wp\/v2\/pages\/60\/revisions"}],"predecessor-version":[{"id":901,"href":"https:\/\/www.haraldfriedl.ch\/index.php?rest_route=\/wp\/v2\/pages\/60\/revisions\/901"}],"wp:attachment":[{"href":"https:\/\/www.haraldfriedl.ch\/index.php?rest_route=%2Fwp%2Fv2%2Fmedia&parent=60"}],"curies":[{"name":"wp","href":"https:\/\/api.w.org\/{rel}","templated":true}]}}