{"id":68,"date":"2016-05-22T13:27:42","date_gmt":"2016-05-22T13:27:42","guid":{"rendered":"http:\/\/www.haraldfriedl.ch\/?page_id=68"},"modified":"2016-11-06T19:14:48","modified_gmt":"2016-11-06T19:14:48","slug":"standpunkte-und-vorstoesse","status":"publish","type":"page","link":"https:\/\/www.haraldfriedl.ch\/?page_id=68","title":{"rendered":"Standpunkte"},"content":{"rendered":"<figure id=\"attachment_26\" aria-describedby=\"caption-attachment-26\" style=\"width: 1200px\" class=\"wp-caption alignnone\"><a href=\"https:\/\/www.haraldfriedl.ch\/wp-content\/uploads\/2016\/05\/cropped-IMG_3003-1.jpg\"><img loading=\"lazy\" decoding=\"async\" class=\"wp-image-26 size-full\" src=\"https:\/\/www.haraldfriedl.ch\/wp-content\/uploads\/2016\/05\/cropped-IMG_3003-1.jpg\" alt=\"Foto Lydia Meyer\" width=\"1200\" height=\"280\" srcset=\"https:\/\/www.haraldfriedl.ch\/wp-content\/uploads\/2016\/05\/cropped-IMG_3003-1.jpg 1200w, https:\/\/www.haraldfriedl.ch\/wp-content\/uploads\/2016\/05\/cropped-IMG_3003-1-300x70.jpg 300w, https:\/\/www.haraldfriedl.ch\/wp-content\/uploads\/2016\/05\/cropped-IMG_3003-1-768x179.jpg 768w, https:\/\/www.haraldfriedl.ch\/wp-content\/uploads\/2016\/05\/cropped-IMG_3003-1-1024x239.jpg 1024w\" sizes=\"auto, (max-width: 1200px) 100vw, 1200px\" \/><\/a><figcaption id=\"caption-attachment-26\" class=\"wp-caption-text\">Foto Lydia Meyer<\/figcaption><\/figure>\n<h3><span style=\"color: #800080;\"><strong>als B\u00fcrger setze ich mich ein<\/strong><\/span><\/h3>\n<ul>\n<li>f\u00fcr eine vielf\u00e4ltige und offene Gesellschaft, die Menschen als Menschen und nicht als Kategorien betrachtet<\/li>\n<li>f\u00fcr eine gute Bildung, damit wir als Gesellschaft zukunftsf\u00e4hige Projekte umsetzen k\u00f6nnen<\/li>\n<li>f\u00fcr eine solidarische und gerechte Gesellschaft, die Minderheiten sch\u00fctzt und f\u00fcr die Benachteiligten sorgt<\/li>\n<li>f\u00fcr eine faire Fl\u00fcchtlingspolitik, die sich am Leid der Menschen und nicht an den \u00c4ngsten der Ewiggestrigen orientiert<\/li>\n<li>f\u00fcr eine menschengerechte Mobilit\u00e4t, die dem Langsam- und \u00f6ffentlichen Verkehr, den Vortritt gew\u00e4hrt, damit wir wieder Platz schaffen f\u00fcr den Austausch untereinander<\/li>\n<\/ul>\n<h3><span style=\"color: #800080;\"><strong>als Umweltfachperson setze ich mich ein<\/strong><\/span><\/h3>\n<ul>\n<li>f\u00fcr eine innovative und ressourcenschonende gr\u00fcne Wirtschaft, damit unsere Nachkommen Voraussetzungen antreffen, die ihre Grundbed\u00fcrfnisse befriedigen k\u00f6nnen<\/li>\n<li>f\u00fcr eine sichere Energieversorgung, die zu 100% aus erneuerbaren Energien gespeist wird<\/li>\n<li>f\u00fcr eine bodenschonende Landwirtschaft, die naturnahe, saisonale und regionale Produkte herstellt<\/li>\n<\/ul>\n<h3><span style=\"color: #800080;\"><strong>als Chemiker setze ich mich ein<\/strong><\/span><\/h3>\n<ul>\n<li>f\u00fcr eine rasche und fachgerechte Beseitigung der Altlasten unserer Vorg\u00e4ngergenerationen, damit wir auch in Zukunft noch sauberes Wasser geniessen k\u00f6nnen<\/li>\n<li>f\u00fcr ein Verbot gef\u00e4hrlicher Substanzen, die sich \u00fcber Jahrzehnte in unserer Umwelt und Nahrungskette anreichern k\u00f6nnen, damit wir auch in Zukunft Kinder bekommen k\u00f6nnen und damit unsere \u00d6kosystem nicht aus den Fugen ger\u00e4t<\/li>\n<\/ul>\n<h3><span style=\"color: #800080;\"><strong>als Politiker setze ich mich ein<\/strong><\/span><\/h3>\n<ul>\n<li>f\u00fcr einen konsensorientieren und fairen Umgang miteinander, damit wir mit Argumenten und nicht mit Waffen miteinander sprechen<\/li>\n<li>f\u00fcr die Interessen unserer Stadt, denn ich bin dankbar daf\u00fcr, dass ich hier leben kann<\/li>\n<\/ul>\n","protected":false},"excerpt":{"rendered":"<p>als B\u00fcrger setze ich mich ein f\u00fcr eine vielf\u00e4ltige und offene Gesellschaft, die Menschen als Menschen und nicht als Kategorien betrachtet f\u00fcr eine gute Bildung, damit wir als Gesellschaft zukunftsf\u00e4hige Projekte umsetzen k\u00f6nnen f\u00fcr eine solidarische und gerechte Gesellschaft, die Minderheiten sch\u00fctzt und f\u00fcr die Benachteiligten sorgt f\u00fcr eine faire Fl\u00fcchtlingspolitik, die sich am Leid [&hellip;]<\/p>\n","protected":false},"author":1,"featured_media":0,"parent":0,"menu_order":0,"comment_status":"closed","ping_status":"closed","template":"","meta":{"jetpack_post_was_ever_published":false,"footnotes":""},"class_list":["post-68","page","type-page","status-publish","hentry"],"jetpack_sharing_enabled":true,"jetpack_shortlink":"https:\/\/wp.me\/P7G04Y-16","_links":{"self":[{"href":"https:\/\/www.haraldfriedl.ch\/index.php?rest_route=\/wp\/v2\/pages\/68","targetHints":{"allow":["GET"]}}],"collection":[{"href":"https:\/\/www.haraldfriedl.ch\/index.php?rest_route=\/wp\/v2\/pages"}],"about":[{"href":"https:\/\/www.haraldfriedl.ch\/index.php?rest_route=\/wp\/v2\/types\/page"}],"author":[{"embeddable":true,"href":"https:\/\/www.haraldfriedl.ch\/index.php?rest_route=\/wp\/v2\/users\/1"}],"replies":[{"embeddable":true,"href":"https:\/\/www.haraldfriedl.ch\/index.php?rest_route=%2Fwp%2Fv2%2Fcomments&post=68"}],"version-history":[{"count":8,"href":"https:\/\/www.haraldfriedl.ch\/index.php?rest_route=\/wp\/v2\/pages\/68\/revisions"}],"predecessor-version":[{"id":426,"href":"https:\/\/www.haraldfriedl.ch\/index.php?rest_route=\/wp\/v2\/pages\/68\/revisions\/426"}],"wp:attachment":[{"href":"https:\/\/www.haraldfriedl.ch\/index.php?rest_route=%2Fwp%2Fv2%2Fmedia&parent=68"}],"curies":[{"name":"wp","href":"https:\/\/api.w.org\/{rel}","templated":true}]}}